{"id":95,"date":"2021-04-19T21:35:08","date_gmt":"2021-04-19T19:35:08","guid":{"rendered":"http:\/\/technorma.free.fr\/w\/?page_id=95"},"modified":"2024-06-10T11:34:46","modified_gmt":"2024-06-10T09:34:46","slug":"partenaires","status":"publish","type":"page","link":"https:\/\/www.college-poincare-saverne.fr\/?page_id=95","title":{"rendered":"Actualit\u00e9s du CDI"},"content":{"rendered":"\n<p>Le Centre de Documentation et d&rsquo;Information du&nbsp;<strong>coll\u00e8ge<\/strong>&nbsp;est un espace d&rsquo;accueil pour tous les \u00e9l\u00e8ves de l&rsquo;\u00e9tablissement. C&rsquo;est un lieu aux multiples facettes qui remplit plusieurs fonctions essentielles pour les \u00e9l\u00e8ves.<\/p>\n\n\n<div class=\"wp-block-image\">\n<figure class=\"aligncenter size-full\"><img loading=\"lazy\" decoding=\"async\" width=\"596\" height=\"838\" src=\"https:\/\/www.college-poincare-saverne.fr\/wp-content\/uploads\/2024\/06\/image.png\" alt=\"\" class=\"wp-image-1471\" srcset=\"https:\/\/www.college-poincare-saverne.fr\/wp-content\/uploads\/2024\/06\/image.png 596w, https:\/\/www.college-poincare-saverne.fr\/wp-content\/uploads\/2024\/06\/image-213x300.png 213w\" sizes=\"auto, (max-width: 596px) 100vw, 596px\" \/><\/figure>\n<\/div>","protected":false},"excerpt":{"rendered":"<p>Le Centre de Documentation et d&rsquo;Information du&nbsp;coll\u00e8ge&nbsp;est un espace d&rsquo;accueil pour tous les \u00e9l\u00e8ves de l&rsquo;\u00e9tablissement. C&rsquo;est un lieu aux multiples facettes qui remplit plusieurs fonctions essentielles pour les \u00e9l\u00e8ves.<\/p>\n","protected":false},"author":1,"featured_media":1468,"parent":0,"menu_order":0,"comment_status":"closed","ping_status":"closed","template":"","meta":{"footnotes":""},"class_list":["post-95","page","type-page","status-publish","has-post-thumbnail","hentry"],"_links":{"self":[{"href":"https:\/\/www.college-poincare-saverne.fr\/index.php?rest_route=\/wp\/v2\/pages\/95","targetHints":{"allow":["GET"]}}],"collection":[{"href":"https:\/\/www.college-poincare-saverne.fr\/index.php?rest_route=\/wp\/v2\/pages"}],"about":[{"href":"https:\/\/www.college-poincare-saverne.fr\/index.php?rest_route=\/wp\/v2\/types\/page"}],"author":[{"embeddable":true,"href":"https:\/\/www.college-poincare-saverne.fr\/index.php?rest_route=\/wp\/v2\/users\/1"}],"replies":[{"embeddable":true,"href":"https:\/\/www.college-poincare-saverne.fr\/index.php?rest_route=%2Fwp%2Fv2%2Fcomments&post=95"}],"version-history":[{"count":3,"href":"https:\/\/www.college-poincare-saverne.fr\/index.php?rest_route=\/wp\/v2\/pages\/95\/revisions"}],"predecessor-version":[{"id":1473,"href":"https:\/\/www.college-poincare-saverne.fr\/index.php?rest_route=\/wp\/v2\/pages\/95\/revisions\/1473"}],"wp:featuredmedia":[{"embeddable":true,"href":"https:\/\/www.college-poincare-saverne.fr\/index.php?rest_route=\/wp\/v2\/media\/1468"}],"wp:attachment":[{"href":"https:\/\/www.college-poincare-saverne.fr\/index.php?rest_route=%2Fwp%2Fv2%2Fmedia&parent=95"}],"curies":[{"name":"wp","href":"https:\/\/api.w.org\/{rel}","templated":true}]}}