{"id":71,"date":"2021-10-19T13:21:28","date_gmt":"2021-10-19T11:21:28","guid":{"rendered":"http:\/\/technorma.free.fr\/w\/?page_id=71"},"modified":"2022-05-20T10:43:06","modified_gmt":"2022-05-20T08:43:06","slug":"1-2","status":"publish","type":"page","link":"https:\/\/www.college-poincare-saverne.fr\/?page_id=71","title":{"rendered":"Un coll\u00e8ge ancr\u00e9 \u00e0 Saverne"},"content":{"rendered":"\n<p>Entre la modernit\u00e9 et l&rsquo;histoire, un coll\u00e8ge au c\u0153ur de <a rel=\"noreferrer noopener\" href=\"https:\/\/fr.wikipedia.org\/wiki\/Saverne\" data-type=\"URL\" data-id=\"https:\/\/fr.wikipedia.org\/wiki\/Saverne\" target=\"_blank\">Saverne<\/a><\/p>\n\n\n\n<figure class=\"wp-block-image size-large\"><img decoding=\"async\" src=\"http:\/\/technorma.free.fr\/w\/wp-content\/uploads\/2022\/01\/Chateau_Rohan_Saverne_01-1-1024x681.jpg\" alt=\"\" class=\"wp-image-388\"\/><\/figure>\n\n\n\n<p><\/p>\n\n\n\n<figure class=\"wp-block-image size-large\"><img loading=\"lazy\" decoding=\"async\" width=\"1024\" height=\"397\" src=\"https:\/\/www.college-poincare-saverne.fr\/wp-content\/uploads\/2022\/01\/bandeau-1-1024x397.jpeg\" alt=\"\" class=\"wp-image-385\" srcset=\"https:\/\/www.college-poincare-saverne.fr\/wp-content\/uploads\/2022\/01\/bandeau-1-1024x397.jpeg 1024w, https:\/\/www.college-poincare-saverne.fr\/wp-content\/uploads\/2022\/01\/bandeau-1-300x116.jpeg 300w, https:\/\/www.college-poincare-saverne.fr\/wp-content\/uploads\/2022\/01\/bandeau-1-768x298.jpeg 768w, https:\/\/www.college-poincare-saverne.fr\/wp-content\/uploads\/2022\/01\/bandeau-1.jpeg 1280w\" sizes=\"auto, (max-width: 1024px) 100vw, 1024px\" \/><\/figure>\n","protected":false},"excerpt":{"rendered":"<p>Entre la modernit\u00e9 et l&rsquo;histoire, un coll\u00e8ge au c\u0153ur de Saverne<\/p>\n","protected":false},"author":1,"featured_media":709,"parent":0,"menu_order":0,"comment_status":"closed","ping_status":"closed","template":"","meta":{"footnotes":""},"class_list":["post-71","page","type-page","status-publish","has-post-thumbnail","hentry"],"_links":{"self":[{"href":"https:\/\/www.college-poincare-saverne.fr\/index.php?rest_route=\/wp\/v2\/pages\/71","targetHints":{"allow":["GET"]}}],"collection":[{"href":"https:\/\/www.college-poincare-saverne.fr\/index.php?rest_route=\/wp\/v2\/pages"}],"about":[{"href":"https:\/\/www.college-poincare-saverne.fr\/index.php?rest_route=\/wp\/v2\/types\/page"}],"author":[{"embeddable":true,"href":"https:\/\/www.college-poincare-saverne.fr\/index.php?rest_route=\/wp\/v2\/users\/1"}],"replies":[{"embeddable":true,"href":"https:\/\/www.college-poincare-saverne.fr\/index.php?rest_route=%2Fwp%2Fv2%2Fcomments&post=71"}],"version-history":[{"count":3,"href":"https:\/\/www.college-poincare-saverne.fr\/index.php?rest_route=\/wp\/v2\/pages\/71\/revisions"}],"predecessor-version":[{"id":713,"href":"https:\/\/www.college-poincare-saverne.fr\/index.php?rest_route=\/wp\/v2\/pages\/71\/revisions\/713"}],"wp:featuredmedia":[{"embeddable":true,"href":"https:\/\/www.college-poincare-saverne.fr\/index.php?rest_route=\/wp\/v2\/media\/709"}],"wp:attachment":[{"href":"https:\/\/www.college-poincare-saverne.fr\/index.php?rest_route=%2Fwp%2Fv2%2Fmedia&parent=71"}],"curies":[{"name":"wp","href":"https:\/\/api.w.org\/{rel}","templated":true}]}}