{"id":603,"date":"2021-10-18T21:38:53","date_gmt":"2021-10-18T19:38:53","guid":{"rendered":"http:\/\/technorma.free.fr\/w\/?page_id=2"},"modified":"2021-10-18T21:38:53","modified_gmt":"2021-10-18T19:38:53","slug":"page-d-exemple-2","status":"publish","type":"page","link":"https:\/\/www.college-poincare-saverne.fr\/?page_id=603","title":{"rendered":"-Horaires"},"content":{"rendered":"\n<p>Horaires de l&rsquo;\u00e9tablissement : <\/p>\n\n\n\n<p><strong>JOURS DE CLASSE<\/strong><strong>&nbsp;:<\/strong><\/p>\n\n\n\n<p><strong>Lundi \/ Mardi \/ Mercredi <\/strong><em>(Matin)<\/em><strong> \/ Jeudi \/ Vendredi<\/strong><\/p>\n\n\n\n<figure class=\"wp-block-table is-style-stripes\"><table><tbody><tr><td>Ouverture<\/td><td>D\u00e9but des cours avec sonnerie<\/td><td>Fin des cours avec sonnerie<\/td><\/tr><tr><td>7h30<\/td><td>7h50<br>8h50<\/td><td>8h50<br>9h45<\/td><\/tr><tr><td><\/td><td>R\u00e9cr\u00e9ation 15 mn<\/td><\/tr><tr><td><\/td><td>10h00<br>11h00<\/td><td>10h55<br>11h50<\/td><\/tr><tr><td><\/td><td>Restauration<\/td><td><\/td><\/tr><tr><td>13h30<\/td><td>13h50<br>14h45<\/td><td>14h45<br>15h40<\/td><\/tr><tr><td><\/td><td>R\u00e9cr\u00e9ation 10 mn<\/td><\/tr><tr><td><\/td><td>15h50<\/td><td>16h45<\/td><\/tr><tr><td><\/td><td>16h45<\/td><td>17h40<\/td><\/tr><\/tbody><\/table><\/figure>\n","protected":false},"excerpt":{"rendered":"<p>Horaires de l&rsquo;\u00e9tablissement : JOURS DE CLASSE&nbsp;: Lundi \/ Mardi \/ Mercredi (Matin) \/ Jeudi \/ Vendredi Ouverture D\u00e9but des cours avec sonnerie Fin des cours avec sonnerie 7h30 7h508h50 8h509h45 R\u00e9cr\u00e9ation 15 mn 10h0011h00 10h5511h50 Restauration 13h30 13h5014h45 14h4515h40 R\u00e9cr\u00e9ation 10 mn 15h50 16h45 16h45 17h40<\/p>\n","protected":false},"author":1,"featured_media":0,"parent":0,"menu_order":0,"comment_status":"closed","ping_status":"closed","template":"","meta":{"footnotes":""},"class_list":["post-603","page","type-page","status-publish","hentry"],"_links":{"self":[{"href":"https:\/\/www.college-poincare-saverne.fr\/index.php?rest_route=\/wp\/v2\/pages\/603","targetHints":{"allow":["GET"]}}],"collection":[{"href":"https:\/\/www.college-poincare-saverne.fr\/index.php?rest_route=\/wp\/v2\/pages"}],"about":[{"href":"https:\/\/www.college-poincare-saverne.fr\/index.php?rest_route=\/wp\/v2\/types\/page"}],"author":[{"embeddable":true,"href":"https:\/\/www.college-poincare-saverne.fr\/index.php?rest_route=\/wp\/v2\/users\/1"}],"replies":[{"embeddable":true,"href":"https:\/\/www.college-poincare-saverne.fr\/index.php?rest_route=%2Fwp%2Fv2%2Fcomments&post=603"}],"version-history":[{"count":0,"href":"https:\/\/www.college-poincare-saverne.fr\/index.php?rest_route=\/wp\/v2\/pages\/603\/revisions"}],"wp:attachment":[{"href":"https:\/\/www.college-poincare-saverne.fr\/index.php?rest_route=%2Fwp%2Fv2%2Fmedia&parent=603"}],"curies":[{"name":"wp","href":"https:\/\/api.w.org\/{rel}","templated":true}]}}