{"id":282,"date":"2021-11-11T19:00:09","date_gmt":"2021-11-11T18:00:09","guid":{"rendered":"http:\/\/technorma.free.fr\/w\/?page_id=282"},"modified":"2025-06-25T18:00:19","modified_gmt":"2025-06-25T16:00:19","slug":"dispositif-ulis","status":"publish","type":"page","link":"https:\/\/www.college-poincare-saverne.fr\/?page_id=282","title":{"rendered":"Dispositif ULIS"},"content":{"rendered":"\n<p class=\"has-blue-color has-text-color\"><strong><u>Qu\u2019est-ce qu\u2019une ULIS ?<\/u><\/strong><\/p>\n\n\n\n<p class=\"has-text-align-left\"><strong><span class=\"has-inline-color has-tahiti-gold-color\">C\u2019est un dispositif collectif qui per<\/span><\/strong><strong><span class=\"has-inline-color has-tahiti-gold-color\">met d\u2019accueillir en coll\u00e8ge ordinaire des \u00e9l\u00e8ves pr\u00e9sentant des besoins \u00e9ducatifs particuliers li\u00e9s \u00e0 une situation de handicap.<\/span><\/strong><\/p>\n\n\n\n<p>C\u2019est assurer la continuit\u00e9 de la scolarisation des \u00e9l\u00e8ves handicap\u00e9s. Ce sont des d\u00e9marches p\u00e9dagogiques adapt\u00e9es aux besoins sp\u00e9cifiques des \u00e9l\u00e8ves. C\u2019est un parcours fond\u00e9 sur le PPS (Projet Personnalis\u00e9 de Scolarisation).<br><br><\/p>\n\n\n\n<p class=\"has-blue-color has-text-color\"><strong><u>\u00c0<\/u><\/strong><strong><u> qui s\u2019adresse l\u2019ULIS ?<\/u><\/strong><strong><em><\/em><\/strong><\/p>\n\n\n\n<p>Les \u00e9l\u00e8ves de l\u2019ULIS sont <strong><span class=\"has-inline-color has-tahiti-gold-color\">des coll\u00e9giens porteurs de handicap,<\/span> <\/strong>notamment de troubles des fonctions cognitives. Chaque \u00e9l\u00e8ve de l\u2019ULIS b\u00e9n\u00e9ficie, selon ses possibilit\u00e9s, de temps de scolarisation dans une classe de r\u00e9f\u00e9rence. Lors des regroupements dans le dispositif, les \u00e9l\u00e8ves sont pris en charge par l\u2019enseignante coordonnatrice de l\u2019ULIS.<\/p>\n\n\n\n<p class=\"has-blue-color has-text-color\"><strong><u>L\u2019ULIS dans le coll\u00e8ge<\/u><\/strong>: Une salle&nbsp;: 101<\/p>\n\n\n\n<p>Cet espace de travail est pens\u00e9 et am\u00e9nag\u00e9 pour accueillir les \u00e9l\u00e8ves dans un <strong>cadre s\u00e9curisant<\/strong> et propice \u00e0 la concentration et aux apprentissages.<\/p>\n\n\n\n<p><em>Des professionnels au sein du dispositif&nbsp;:<\/em><\/p>\n\n\n\n<ul class=\"wp-block-list\">\n<li>Une enseignante sp\u00e9cialis\u00e9e et coordonnatrice de l\u2019ULIS\u00a0: <strong>Mme UNTEREINER.<\/strong><\/li>\n\n\n\n<li>Un AESH-co,<strong> M. GUICHART<\/strong>, qui accompagne les \u00e9l\u00e8ves au quotidien dans leur classe ou dans le dispositif.<\/li>\n<\/ul>\n\n\n\n<p><em>Des professionnels au sein du coll\u00e8ge :<\/em><\/p>\n\n\n\n<ul class=\"wp-block-list\">\n<li>Des enseignants du coll\u00e8ge des classes d\u2019inclusions.<\/li>\n\n\n\n<li>Le (ou la) Principal(e) du Coll\u00e8ge, garant(e) du dispositif<\/li>\n\n\n\n<li>Le Conseiller Principal d\u2019\u00c9ducation (CPE) et l\u2019\u00e9quipe de Vie scolaire.<\/li>\n\n\n\n<li>Un psychologue de Education Nationale<\/li>\n\n\n\n<li>Le m\u00e9decin et l\u2019infirmi\u00e8re scolaire<\/li>\n\n\n\n<li>L\u2019assistante sociale<\/li>\n\n\n\n<li>L\u2019enseignante-r\u00e9f\u00e9rente handicap (ERH)<\/li>\n<\/ul>\n\n\n\n<p><em>Des partenaires :<\/em><\/p>\n\n\n\n<p>Les services de soins ext\u00e9rieurs (SESSAD, orthophoniste, psychomotriciens, ergoth\u00e9rapeutes\u2026)<br><br><\/p>\n\n\n\n<p class=\"has-blue-color has-text-color\"><strong><u>Fonctionnement de l\u2019ULIS<\/u><\/strong><\/p>\n\n\n\n<p>L\u2019ULIS propose une alternance entre des phases de <strong>regroupement <\/strong>et des phases de <strong>participation \u00e0 des activit\u00e9s ordinaires du coll\u00e8ge <\/strong>(enseignement, activit\u00e9 \u00e9ducative). Chaque \u00e9l\u00e8ve b\u00e9n\u00e9ficie d\u2019un parcours personnalis\u00e9 de scolarisation. Le projet de l\u2019\u00e9l\u00e8ve est r\u00e9vis\u00e9 annuellement dans le cadre de l\u2019\u00c9quipe de Suivi de Scolarit\u00e9 (ESS).<\/p>\n\n\n\n<p class=\"has-blue-color has-text-color\"><strong><u>Les contenus d\u2019enseignement<\/u><\/strong><strong><em><\/em><\/strong><\/p>\n\n\n\n<p>La scolarit\u00e9 est organis\u00e9e dans le cadre des cycles du coll\u00e8ge.<\/p>\n\n\n\n<p>Les contenus d\u2019enseignement sont d\u00e9finis en r\u00e9f\u00e9rence au <strong>Socle Commun de Connaissances, de Comp\u00e9tences et de Culture<\/strong>, en tenant compte des acquis de chaque jeune. Les modalit\u00e9s <strong>d\u2019adaptation p\u00e9dagogique <\/strong>visent \u00e0 rendre ces contenus <strong>accessibles<\/strong>.<\/p>\n\n\n\n<p>\u00c0 partir de la 4\u00e8me, les \u00e9l\u00e8ves de l\u2019ULIS effectuent des <strong>stages de d\u00e9couverte professionnelle<\/strong> en entreprise pour affiner leur projet professionnel, conna\u00eetre leurs envies et leurs aptitudes.<\/p>\n\n\n\n<p><\/p>\n\n\n\n<p class=\"has-blue-color has-text-color\"><strong><u>Comment acc\u00e8de-t-on \u00e0 l\u2019ULIS ?<\/u><\/strong><strong><em><\/em><\/strong><\/p>\n\n\n\n<p>-Sur <strong>d\u00e9cision de la C.D.A.P.H <\/strong>(Commission des Droits et de l\u2019Autonomie des Personnes Handicap\u00e9es) de la Maison D\u00e9partementale des Personnes Handicap\u00e9es (<strong>M.D.P.H<\/strong>)<\/p>\n\n\n\n<p>&nbsp;&#8211; Sur <strong>affectation de la direction acad\u00e9mique des services de l\u2019\u00e9ducation nationale du Bas-Rhin <\/strong>(<strong>D.A.S.E.N.<\/strong>)<\/p>\n\n\n\n<p>&nbsp;&#8211; Mme OTT, <strong>Enseignante R\u00e9f\u00e9rente <\/strong>charg\u00e9e du suivi du Projet Personnalis\u00e9 de Scolarisation peut vous informer sur les proc\u00e9dures d\u2019orientation et d\u2019affectation.<br><br><strong><u><\/u><\/strong><\/p>\n\n\n\n<p class=\"has-blue-color has-text-color\"><strong><u>Et apr\u00e8s l\u2019ULIS coll\u00e8ge ?<\/u><\/strong><strong><\/strong><\/p>\n\n\n\n<p><strong>Poursuite en&nbsp;:<br><\/strong>&nbsp;&#8211; en U.L.I.S Lyc\u00e9e<\/p>\n\n\n\n<p>&nbsp;&#8211; en IMPRO (Institut M\u00e9dico Professionnel)<\/p>\n\n\n\n<p>&nbsp;&#8211; en Apprentissage<\/p>\n\n\n\n<p>&nbsp;&#8211; &#8230;<\/p>\n\n\n\n<p>Les modalit\u00e9s de poursuite de la scolarit\u00e9 sont \u00e9tudi\u00e9es en ESS (\u00c9quipe de Suivi de la Scolarisation), en tenant compte <strong>du projet, des besoins et des possibilit\u00e9s de chaque jeune<\/strong>.<\/p>\n\n\n\n<p><\/p>\n\n\n\n<p class=\"has-blue-color has-text-color\"><strong><u>Contacts<\/u><\/strong><\/p>\n\n\n\n<p><strong><strong>MDPH Alsace &#8211; Maison D\u00e9partementale des Personnes en situation de Handicap<\/strong><\/strong><\/p>\n\n\n\n<p><img loading=\"lazy\" decoding=\"async\" width=\"20\" height=\"20\" class=\"wp-image-116\" style=\"width: 20px;\" src=\"https:\/\/www.college-poincare-saverne.fr\/wp-content\/uploads\/2021\/10\/26-e1634823160892-1.png\" alt=\"\" srcset=\"https:\/\/www.college-poincare-saverne.fr\/wp-content\/uploads\/2021\/10\/26-e1634823160892-1.png 50w, https:\/\/www.college-poincare-saverne.fr\/wp-content\/uploads\/2021\/10\/26-e1634823160892-1-40x40.png 40w\" sizes=\"auto, (max-width: 20px) 100vw, 20px\" \/> 6a, rue du Verdon, 67100 STRASBOURG<br><img loading=\"lazy\" decoding=\"async\" width=\"20\" height=\"20\" class=\"wp-image-118\" style=\"width: 20px;\" src=\"https:\/\/www.college-poincare-saverne.fr\/wp-content\/uploads\/2021\/10\/27-e1634823460234-1.png\" alt=\"\" srcset=\"https:\/\/www.college-poincare-saverne.fr\/wp-content\/uploads\/2021\/10\/27-e1634823460234-1.png 50w, https:\/\/www.college-poincare-saverne.fr\/wp-content\/uploads\/2021\/10\/27-e1634823460234-1-40x40.png 40w\" sizes=\"auto, (max-width: 20px) 100vw, 20px\" \/> <strong>03.69.49.39.00<\/strong><br><img loading=\"lazy\" decoding=\"async\" width=\"20\" height=\"20\" class=\"wp-image-119\" style=\"width: 20px;\" src=\"https:\/\/www.college-poincare-saverne.fr\/wp-content\/uploads\/2021\/10\/25-e1634823524800-1.png\" alt=\"\" srcset=\"https:\/\/www.college-poincare-saverne.fr\/wp-content\/uploads\/2021\/10\/25-e1634823524800-1.png 50w, https:\/\/www.college-poincare-saverne.fr\/wp-content\/uploads\/2021\/10\/25-e1634823524800-1-40x40.png 40w\" sizes=\"auto, (max-width: 20px) 100vw, 20px\" \/> <a href=\"mailto:accueil.mdph@bas-rhin.fr\">accueil67.mdph@alsace.eu<\/a><\/p>\n\n\n\n<p><strong><u>SERVICE ECOLE INCLUSIVE<\/u><\/strong> : <strong>INSPECTION DE L\u2019\u00c9DUCATION<\/strong> <strong>NATIONALE CHARG\u00c9E DE<\/strong> <strong>L\u2019ADAPTATION SCOLAIRE ET DE<\/strong> <strong>LA SCOLARISATION DES<\/strong> <strong>\u00c9L\u00c8VES EN SITUATION DE HANDICAP<\/strong><\/p>\n\n\n\n<p><img loading=\"lazy\" decoding=\"async\" width=\"20\" height=\"20\" class=\"wp-image-116\" style=\"width: 20px;\" src=\"https:\/\/www.college-poincare-saverne.fr\/wp-content\/uploads\/2021\/10\/26-e1634823160892-1.png\" alt=\"\" srcset=\"https:\/\/www.college-poincare-saverne.fr\/wp-content\/uploads\/2021\/10\/26-e1634823160892-1.png 50w, https:\/\/www.college-poincare-saverne.fr\/wp-content\/uploads\/2021\/10\/26-e1634823160892-1-40x40.png 40w\" sizes=\"auto, (max-width: 20px) 100vw, 20px\" \/> 65 Avenue de la For\u00eat Noire 67083 STRASBOURG CEDEX <br><img loading=\"lazy\" decoding=\"async\" width=\"20\" height=\"20\" class=\"wp-image-118\" style=\"width: 20px;\" src=\"https:\/\/www.college-poincare-saverne.fr\/wp-content\/uploads\/2021\/10\/27-e1634823460234-1.png\" alt=\"\" srcset=\"https:\/\/www.college-poincare-saverne.fr\/wp-content\/uploads\/2021\/10\/27-e1634823460234-1.png 50w, https:\/\/www.college-poincare-saverne.fr\/wp-content\/uploads\/2021\/10\/27-e1634823460234-1-40x40.png 40w\" sizes=\"auto, (max-width: 20px) 100vw, 20px\" \/> <strong>03.88.45.92.30<\/strong><br><img loading=\"lazy\" decoding=\"async\" width=\"20\" height=\"20\" class=\"wp-image-119\" style=\"width: 20px;\" src=\"https:\/\/www.college-poincare-saverne.fr\/wp-content\/uploads\/2021\/10\/25-e1634823524800-1.png\" alt=\"\" srcset=\"https:\/\/www.college-poincare-saverne.fr\/wp-content\/uploads\/2021\/10\/25-e1634823524800-1.png 50w, https:\/\/www.college-poincare-saverne.fr\/wp-content\/uploads\/2021\/10\/25-e1634823524800-1-40x40.png 40w\" sizes=\"auto, (max-width: 20px) 100vw, 20px\" \/> <a href=\"mailto: ienash67@ac-strasbourg.fr\">ienash67@ac-strasbourg.fr <\/a><\/p>\n\n\n\n<p><strong><u>ENSEIGNANTE R\u00c9F\u00c9RENTE<\/u><\/strong><\/p>\n\n\n\n<p><img loading=\"lazy\" decoding=\"async\" width=\"20\" height=\"20\" class=\"wp-image-116\" style=\"width: 20px;\" src=\"https:\/\/www.college-poincare-saverne.fr\/wp-content\/uploads\/2021\/10\/26-e1634823160892-1.png\" alt=\"\" srcset=\"https:\/\/www.college-poincare-saverne.fr\/wp-content\/uploads\/2021\/10\/26-e1634823160892-1.png 50w, https:\/\/www.college-poincare-saverne.fr\/wp-content\/uploads\/2021\/10\/26-e1634823160892-1-40x40.png 40w\" sizes=\"auto, (max-width: 20px) 100vw, 20px\" \/> <strong>Mme OTT<\/strong>, Coll\u00e8ge de DETTWILLER<br> <img loading=\"lazy\" decoding=\"async\" width=\"20\" height=\"20\" class=\"wp-image-118\" style=\"width: 20px;\" src=\"https:\/\/www.college-poincare-saverne.fr\/wp-content\/uploads\/2021\/10\/27-e1634823460234-1.png\" alt=\"\" srcset=\"https:\/\/www.college-poincare-saverne.fr\/wp-content\/uploads\/2021\/10\/27-e1634823460234-1.png 50w, https:\/\/www.college-poincare-saverne.fr\/wp-content\/uploads\/2021\/10\/27-e1634823460234-1-40x40.png 40w\" sizes=\"auto, (max-width: 20px) 100vw, 20px\" \/> <strong>06.16.78.73.85<\/strong> <br><img loading=\"lazy\" decoding=\"async\" width=\"20\" height=\"20\" class=\"wp-image-119\" style=\"width: 20px;\" src=\"https:\/\/www.college-poincare-saverne.fr\/wp-content\/uploads\/2021\/10\/25-e1634823524800-1.png\" alt=\"\" srcset=\"https:\/\/www.college-poincare-saverne.fr\/wp-content\/uploads\/2021\/10\/25-e1634823524800-1.png 50w, https:\/\/www.college-poincare-saverne.fr\/wp-content\/uploads\/2021\/10\/25-e1634823524800-1-40x40.png 40w\" sizes=\"auto, (max-width: 20px) 100vw, 20px\" \/> <a href=\"mailto:referent67.ouest2@ac-strasbourg.fr\" target=\"_blank\" rel=\"noreferrer noopener\">referent67.ouest2@ac-strasbourg.fr<\/a><\/p>\n\n\n\n<p><\/p>\n\n\n\n<p><strong><u>ULIS DU COLL\u00c8GE POINCAR\u00c9<\/u><\/strong><strong><u><\/u><\/strong><\/p>\n\n\n\n<p><img loading=\"lazy\" decoding=\"async\" width=\"20\" height=\"20\" class=\"wp-image-118\" style=\"width: 20px;\" src=\"https:\/\/www.college-poincare-saverne.fr\/wp-content\/uploads\/2021\/10\/27-e1634823460234-1.png\" alt=\"\" srcset=\"https:\/\/www.college-poincare-saverne.fr\/wp-content\/uploads\/2021\/10\/27-e1634823460234-1.png 50w, https:\/\/www.college-poincare-saverne.fr\/wp-content\/uploads\/2021\/10\/27-e1634823460234-1-40x40.png 40w\" sizes=\"auto, (max-width: 20px) 100vw, 20px\" \/> <strong>07.86.15.71.41<\/strong><br> <img loading=\"lazy\" decoding=\"async\" width=\"20\" height=\"20\" class=\"wp-image-119\" style=\"width: 20px;\" src=\"https:\/\/www.college-poincare-saverne.fr\/wp-content\/uploads\/2021\/10\/25-e1634823524800-1.png\" alt=\"\" srcset=\"https:\/\/www.college-poincare-saverne.fr\/wp-content\/uploads\/2021\/10\/25-e1634823524800-1.png 50w, https:\/\/www.college-poincare-saverne.fr\/wp-content\/uploads\/2021\/10\/25-e1634823524800-1-40x40.png 40w\" sizes=\"auto, (max-width: 20px) 100vw, 20px\" \/> <a href=\"virginie.untereiner@ac-strasbourg.fr\" data-type=\"link\" data-id=\"virginie.untereiner@ac-strasbourg.fr\">virginie.untereiner@ac-strasbourg.fr<\/a><\/p>\n\n\n\n<p><\/p>\n","protected":false},"excerpt":{"rendered":"<p>Qu\u2019est-ce qu\u2019une ULIS ? C\u2019est un dispositif collectif qui permet d\u2019accueillir en coll\u00e8ge ordinaire des \u00e9l\u00e8ves pr\u00e9sentant des besoins \u00e9ducatifs particuliers li\u00e9s \u00e0 une situation de handicap. C\u2019est assurer la continuit\u00e9 de la scolarisation des \u00e9l\u00e8ves handicap\u00e9s. Ce sont des d\u00e9marches p\u00e9dagogiques adapt\u00e9es aux besoins sp\u00e9cifiques des \u00e9l\u00e8ves. C\u2019est un parcours fond\u00e9 sur le PPS <a class=\"more-link\" href=\"https:\/\/www.college-poincare-saverne.fr\/?page_id=282\">Lire plus &#8230;<\/a><\/p>\n","protected":false},"author":1,"featured_media":286,"parent":0,"menu_order":0,"comment_status":"closed","ping_status":"closed","template":"","meta":{"footnotes":""},"class_list":["post-282","page","type-page","status-publish","has-post-thumbnail","hentry"],"_links":{"self":[{"href":"https:\/\/www.college-poincare-saverne.fr\/index.php?rest_route=\/wp\/v2\/pages\/282","targetHints":{"allow":["GET"]}}],"collection":[{"href":"https:\/\/www.college-poincare-saverne.fr\/index.php?rest_route=\/wp\/v2\/pages"}],"about":[{"href":"https:\/\/www.college-poincare-saverne.fr\/index.php?rest_route=\/wp\/v2\/types\/page"}],"author":[{"embeddable":true,"href":"https:\/\/www.college-poincare-saverne.fr\/index.php?rest_route=\/wp\/v2\/users\/1"}],"replies":[{"embeddable":true,"href":"https:\/\/www.college-poincare-saverne.fr\/index.php?rest_route=%2Fwp%2Fv2%2Fcomments&post=282"}],"version-history":[{"count":1,"href":"https:\/\/www.college-poincare-saverne.fr\/index.php?rest_route=\/wp\/v2\/pages\/282\/revisions"}],"predecessor-version":[{"id":1601,"href":"https:\/\/www.college-poincare-saverne.fr\/index.php?rest_route=\/wp\/v2\/pages\/282\/revisions\/1601"}],"wp:featuredmedia":[{"embeddable":true,"href":"https:\/\/www.college-poincare-saverne.fr\/index.php?rest_route=\/wp\/v2\/media\/286"}],"wp:attachment":[{"href":"https:\/\/www.college-poincare-saverne.fr\/index.php?rest_route=%2Fwp%2Fv2%2Fmedia&parent=282"}],"curies":[{"name":"wp","href":"https:\/\/api.w.org\/{rel}","templated":true}]}}