{"id":261,"date":"2021-11-07T09:11:32","date_gmt":"2021-11-07T08:11:32","guid":{"rendered":"http:\/\/technorma.free.fr\/w\/?page_id=261"},"modified":"2021-11-07T09:11:32","modified_gmt":"2021-11-07T08:11:32","slug":"actualites-pour-aider-son-enfant","status":"publish","type":"page","link":"https:\/\/www.college-poincare-saverne.fr\/?page_id=261","title":{"rendered":"Aider son enfant coll\u00e9gien"},"content":{"rendered":"\n<p><strong>LE GUIDE PRATIQUE \u00ab LA FAMILLE TOUT-\u00c9CRAN \u00bb<\/strong><\/p>\n\n\n\n<p>En 2013, la loi du 8 juillet pour la refondation de l\u2019\u00c9cole de la R\u00e9publique inscrit officiellement l\u2019\u00e9ducation aux m\u00e9dias et \u00e0 l\u2019information (EMI) dans les programmes scolaires. Suite aux attentats qui endeuillent la France, l\u2019EMI devient une exigence r\u00e9publicaine au c\u0153ur du Parcours citoyen, un enjeu \u00e9ducatif et soci\u00e9tal incontournable dans un environnement o\u00f9 le num\u00e9rique est omnipr\u00e9sent. Dans un monde globalis\u00e9 et complexifi\u00e9, la d\u00e9finition et la compr\u00e9hension de la source de l\u2019information constituent une priorit\u00e9 pour d\u00e9jouer les tentatives de manipulation et de d\u00e9sinformation.<\/p>\n\n\n\n<p>Les enjeux soci\u00e9taux de l\u2019EMI d\u00e9passent les murs de l\u2019\u00e9cole et doivent mobiliser tous les acteurs pour renforcer le continuum entre temps scolaire et hors temps scolaire. Ce guide est le produit de cette mobilisation.<\/p>\n\n\n\n<p><em>Le succ\u00e8s rencontr\u00e9 par la premi\u00e8re \u00e9dition du Guide de la famille Tout-\u00c9cran en 2017 t\u00e9moigne des besoins du public de pouvoir acc\u00e9der \u00e0 des conseils pratiques pour un usage raisonn\u00e9 des \u00e9crans.<\/em><\/p>\n\n\n\n<p><em>Le CLEMI, avec l\u2019appui de R\u00e9seau Canop\u00e9 et de ses partenaires, est pleinement dans sa mission d\u2019\u00e9ducation \u00e0 la citoyennet\u00e9 en allant en direction des parents, et plus largement des familles, tant il est vrai que la question des usages num\u00e9riques nous concerne toutes et tous au quotidien dans un contexte d\u2019infosaturation. Pas un jour ne passe, en effet, sans que soient interrog\u00e9s le r\u00f4le et la place des \u00e9crans dans nos pratiques et dans nos organisations. Dans un monde globalis\u00e9 et complexifi\u00e9, la d\u00e9finition et la compr\u00e9hension de la source de l\u2019information constituent une priorit\u00e9 pour d\u00e9jouer les tentatives de manipulation et devenir un acteur responsable.<\/em><\/p>\n\n\n\n<p><em>Ce guide b\u00e9n\u00e9ficie de l\u2019expertise des professionnels du CLEMI et de son r\u00e9seau de p\u00e9dagogues, de partenaires institutionnels, associatifs et m\u00e9diatiques. Issu de cette mobilisation, cet ouvrage est le produit d\u2019un groupe de travail d\u00e9di\u00e9 aux pratiques informationnelles des jeunes, compos\u00e9 de membres repr\u00e9sentant du minist\u00e8re de l\u2019\u00c9ducation nationale et de la Jeunesse, du minist\u00e8re de la Culture, France T\u00e9l\u00e9visions, Radio France, le CSA, CNRS Images, Cem\u00e9a, la Ligue de l\u2019enseignement, la CNAF, Jets d\u2019encre et l\u2019Icem-P\u00e9dagogie Freinet.<\/em><\/p>\n\n\n\n<p><strong>Consulter le guide : <\/strong><\/p>\n\n\n\n<div data-wp-interactive=\"core\/file\" class=\"wp-block-file\"><object data-wp-bind--hidden=\"!state.hasPdfPreview\" hidden class=\"wp-block-file__embed\" data=\"https:\/\/www.college-poincare-saverne.fr\/wp-content\/uploads\/2021\/12\/Guide_famille_tout_ecran_v2-1.pdf\" type=\"application\/pdf\" style=\"width:100%;height:600px\" aria-label=\"Contenu embarqu\u00e9 Contenu embarqu\u00e9 Guide_famille_tout_ecran_v2..\"><\/object><a href=\"https:\/\/www.college-poincare-saverne.fr\/wp-content\/uploads\/2021\/12\/Guide_famille_tout_ecran_v2-1.pdf\">Guide_famille_tout_ecran_v2<\/a><a href=\"https:\/\/www.college-poincare-saverne.fr\/wp-content\/uploads\/2021\/12\/Guide_famille_tout_ecran_v2-1.pdf\" class=\"wp-block-file__button\" download>T\u00e9l\u00e9charger<\/a><\/div>\n\n\n\n<p><\/p>\n\n\n\n<p><strong>LE LIVRET DES FAMILLES<\/strong><\/p>\n\n\n\n<p>\u00ab&nbsp;Depuis qu\u2019il est tout petit, votre enfant \u00e9volue, apprend et vous apprenez avec lui. Il a grandi et\u2026 vous aussi, en tant que parent, il vous a fait grandir. Allez, encore une \u00e9tape ! Et quelle \u00e9tape cr\u00e9ative, celle qui va conduire progressivement votre fille ou votre fils \u00e0 construire, nourri de son enfance et avec votre appui, son identit\u00e9 d\u2019adulte&nbsp;\u00bb.<\/p>\n\n\n\n<p>Votre enfant est adolescent.e ou entre dans l\u2019adolescence&nbsp;: en tant que parent, vous vous posez des questions sur cette p\u00e9riode&nbsp;? Vous intervenez aupr\u00e8s de parents ou de jeunes et vous cherchez des outils pour \u00e9changer avec les parents d\u2019adolescents&nbsp;?<\/p>\n\n\n\n<p>Le livret des parents \u00ab&nbsp;Saison 2&nbsp;: l\u2019adolescence&nbsp;\u00bb est publi\u00e9 un an apr\u00e8s le livret des parents \u00ab&nbsp;Premi\u00e8re naissance&nbsp;\u00bb (saison 1). Illustr\u00e9 par Claire Cantais, il aborde en 25 pages diff\u00e9rentes questions autour de l\u2019adolescence et ce qu\u2019elle implique pour les parents&nbsp;: devenir parent d\u2019adolescent.e, rester parent tout en accompagnant l\u2019autonomie, \u00eatre vigilant.e et oser se faire aider.<\/p>\n\n\n\n<p>Ce livret a \u00e9t\u00e9 \u00e9crit par le minist\u00e8re des familles, de l\u2019enfance et des droits des femmes, avec le concours d\u2019expert.e.s et de r\u00e9seaux associatifs nationaux,\u00a0en partenariat avec la Caisse nationale des allocations familiales et la Caisse centrale de mutualit\u00e9 sociale agricole.<\/p>\n\n\n\n<div data-wp-interactive=\"core\/file\" class=\"wp-block-file\"><object data-wp-bind--hidden=\"!state.hasPdfPreview\" hidden class=\"wp-block-file__embed\" data=\"https:\/\/www.college-poincare-saverne.fr\/wp-content\/uploads\/2021\/12\/Livret_ado_BD_20mars-1.pdf\" type=\"application\/pdf\" style=\"width:100%;height:600px\" aria-label=\"Contenu embarqu\u00e9 Contenu embarqu\u00e9 Livret_ado_BD_20mars..\"><\/object><a href=\"https:\/\/www.college-poincare-saverne.fr\/wp-content\/uploads\/2021\/12\/Livret_ado_BD_20mars-1.pdf\">Livret_ado_BD_20mars<\/a><a href=\"https:\/\/www.college-poincare-saverne.fr\/wp-content\/uploads\/2021\/12\/Livret_ado_BD_20mars-1.pdf\" class=\"wp-block-file__button\" download>T\u00e9l\u00e9charger<\/a><\/div>\n\n\n\n<p><\/p>\n\n\n\n<p><strong>LA MALLETTE DES PARENTS:<\/strong> <a href=\"https:\/\/mallettedesparents.education.gouv.fr\/\" data-type=\"URL\" data-id=\"https:\/\/mallettedesparents.education.gouv.fr\/\" target=\"_blank\" rel=\"noreferrer noopener\">https:\/\/mallettedesparents.education.gouv.fr\/<\/a><\/p>\n\n\n\n<p><\/p>\n\n\n\n<p><strong>LE LIEN AVEC LES PROFESSIONNELS DU COLLEGE DE MON ENFANT :<\/strong> <a href=\"https:\/\/clg-poincare-saverne.monbureaunumerique.fr\/\" data-type=\"URL\" data-id=\"https:\/\/clg-poincare-saverne.monbureaunumerique.fr\/\" target=\"_blank\" rel=\"noreferrer noopener\">https:\/\/clg-poincare-saverne.monbureaunumerique.fr\/<\/a><\/p>\n","protected":false},"excerpt":{"rendered":"<p>LE GUIDE PRATIQUE \u00ab LA FAMILLE TOUT-\u00c9CRAN \u00bb En 2013, la loi du 8 juillet pour la refondation de l\u2019\u00c9cole de la R\u00e9publique inscrit officiellement l\u2019\u00e9ducation aux m\u00e9dias et \u00e0 l\u2019information (EMI) dans les programmes scolaires. Suite aux attentats qui endeuillent la France, l\u2019EMI devient une exigence r\u00e9publicaine au c\u0153ur du Parcours citoyen, un enjeu <a class=\"more-link\" href=\"https:\/\/www.college-poincare-saverne.fr\/?page_id=261\">Lire plus &#8230;<\/a><\/p>\n","protected":false},"author":1,"featured_media":262,"parent":0,"menu_order":0,"comment_status":"closed","ping_status":"closed","template":"","meta":{"footnotes":""},"class_list":["post-261","page","type-page","status-publish","has-post-thumbnail","hentry"],"_links":{"self":[{"href":"https:\/\/www.college-poincare-saverne.fr\/index.php?rest_route=\/wp\/v2\/pages\/261","targetHints":{"allow":["GET"]}}],"collection":[{"href":"https:\/\/www.college-poincare-saverne.fr\/index.php?rest_route=\/wp\/v2\/pages"}],"about":[{"href":"https:\/\/www.college-poincare-saverne.fr\/index.php?rest_route=\/wp\/v2\/types\/page"}],"author":[{"embeddable":true,"href":"https:\/\/www.college-poincare-saverne.fr\/index.php?rest_route=\/wp\/v2\/users\/1"}],"replies":[{"embeddable":true,"href":"https:\/\/www.college-poincare-saverne.fr\/index.php?rest_route=%2Fwp%2Fv2%2Fcomments&post=261"}],"version-history":[{"count":0,"href":"https:\/\/www.college-poincare-saverne.fr\/index.php?rest_route=\/wp\/v2\/pages\/261\/revisions"}],"wp:featuredmedia":[{"embeddable":true,"href":"https:\/\/www.college-poincare-saverne.fr\/index.php?rest_route=\/wp\/v2\/media\/262"}],"wp:attachment":[{"href":"https:\/\/www.college-poincare-saverne.fr\/index.php?rest_route=%2Fwp%2Fv2%2Fmedia&parent=261"}],"curies":[{"name":"wp","href":"https:\/\/api.w.org\/{rel}","templated":true}]}}