{"id":226,"date":"2021-11-04T10:28:52","date_gmt":"2021-11-04T09:28:52","guid":{"rendered":"http:\/\/technorma.free.fr\/w\/?page_id=226"},"modified":"2021-11-04T10:28:52","modified_gmt":"2021-11-04T09:28:52","slug":"restauration","status":"publish","type":"page","link":"https:\/\/www.college-poincare-saverne.fr\/?page_id=226","title":{"rendered":"-Restauration-"},"content":{"rendered":"\n<p>Le coll\u00e8ge ne dispose pas de restaurant scolaire mais que les \u00e9l\u00e8ves peuvent d\u00e9jeuner au restaurant scolaire du lyc\u00e9e Leclerc<\/p>\n\n\n\n<p><\/p>\n\n\n\n<p>Horaires et tarifs :<\/p>\n\n\n\n<p><a href=\"https:\/\/lyc-leclerc.monbureaunumerique.fr\/l-etablissement\/actualites\/restauration-scolaire-3296.htm\" data-type=\"URL\" data-id=\"https:\/\/lyc-leclerc.monbureaunumerique.fr\/l-etablissement\/actualites\/restauration-scolaire-3296.htm\" target=\"_blank\" rel=\"noreferrer noopener\">Cliquez ici pour avoir les menus propos\u00e9s.<\/a><\/p>\n","protected":false},"excerpt":{"rendered":"<p>Le coll\u00e8ge ne dispose pas de restaurant scolaire mais que les \u00e9l\u00e8ves peuvent d\u00e9jeuner au restaurant scolaire du lyc\u00e9e Leclerc Horaires et tarifs : Cliquez ici pour avoir les menus propos\u00e9s.<\/p>\n","protected":false},"author":1,"featured_media":0,"parent":0,"menu_order":0,"comment_status":"closed","ping_status":"closed","template":"","meta":{"footnotes":""},"class_list":["post-226","page","type-page","status-publish","hentry"],"_links":{"self":[{"href":"https:\/\/www.college-poincare-saverne.fr\/index.php?rest_route=\/wp\/v2\/pages\/226","targetHints":{"allow":["GET"]}}],"collection":[{"href":"https:\/\/www.college-poincare-saverne.fr\/index.php?rest_route=\/wp\/v2\/pages"}],"about":[{"href":"https:\/\/www.college-poincare-saverne.fr\/index.php?rest_route=\/wp\/v2\/types\/page"}],"author":[{"embeddable":true,"href":"https:\/\/www.college-poincare-saverne.fr\/index.php?rest_route=\/wp\/v2\/users\/1"}],"replies":[{"embeddable":true,"href":"https:\/\/www.college-poincare-saverne.fr\/index.php?rest_route=%2Fwp%2Fv2%2Fcomments&post=226"}],"version-history":[{"count":0,"href":"https:\/\/www.college-poincare-saverne.fr\/index.php?rest_route=\/wp\/v2\/pages\/226\/revisions"}],"wp:attachment":[{"href":"https:\/\/www.college-poincare-saverne.fr\/index.php?rest_route=%2Fwp%2Fv2%2Fmedia&parent=226"}],"curies":[{"name":"wp","href":"https:\/\/api.w.org\/{rel}","templated":true}]}}