{"id":196,"date":"2021-11-04T10:22:43","date_gmt":"2021-11-04T09:22:43","guid":{"rendered":"http:\/\/technorma.free.fr\/w\/?page_id=196"},"modified":"2024-06-10T11:48:54","modified_gmt":"2024-06-10T09:48:54","slug":"cdi","status":"publish","type":"page","link":"https:\/\/www.college-poincare-saverne.fr\/?page_id=196","title":{"rendered":"&#8211; CDI"},"content":{"rendered":"\n<h2 class=\"wp-block-heading\"><strong>Pr\u00e9sentation de la professeure documentaliste<\/strong> :<\/h2>\n\n\n\n<p>Mme Knafou \u00e0 la fois professeure d&rsquo;EMI (\u00e9ducation aux m\u00e9dias et \u00e0 l&rsquo;information) et documentaliste est ouverte aux diff\u00e9rentes propositions p\u00e9dagogiques et peut \u00e9galement proposer diff\u00e9rentes expositions au CDI en fonction des projets r\u00e9alis\u00e9s durant l&rsquo;ann\u00e9e. <\/p>\n\n\n\n<h2 class=\"wp-block-heading\"><strong>Pr\u00e9sentation du lieu :<\/strong><\/h2>\n\n\n\n<p>Le C.D.I. ou Centre de Documentation et d\u2019Information est un lieu ouvert pour les \u00e9l\u00e8ves, les enseignants ainsi que le personnel non enseignant. Il fournit la documentation et l&rsquo;information dont vous avez besoin ainsi que la proposition de diverses s\u00e9ances p\u00e9dagogiques. C\u2019est un lieu de d\u00e9couverte, de travail et de lecture. Il permet aussi l&rsquo;acc\u00e8s \u00e0 des ordinateurs, des jeux de soci\u00e9t\u00e9, des \u00e9checs, un tableau pour dessiner ou encore de nombreux livres de tous les genres (BD, mangas, romans, magazines&#8230;). <\/p>\n\n\n\n<h2 class=\"wp-block-heading\"><strong>Les horaires :<\/strong><\/h2>\n\n\n\n<p class=\"has-huge-font-size\"><\/p>\n\n\n\n<p>Le CDI est ouvert tous les jours de la semaine selon l&rsquo;EDT mis \u00e0 jour sur Mon Bureau Num\u00e9rique ou sur la porte du CDI. <\/p>\n\n\n\n<p><strong>1-<\/strong><strong> <\/strong><strong><a href=\"https:\/\/clg-poincare-saverne.monbureaunumerique.fr\/sg.do?PROC=PAGE_ACCUEIL\">Rubrique : <\/a><\/strong><strong><a href=\"https:\/\/clg-poincare-saverne.monbureaunumerique.fr\/sg.do?PROC=PAGE_ACCUEIL\">Accueil &gt; Actualit\u00e9s<\/a><\/strong> ou,<\/p>\n\n\n\n<p><strong><strong>2- <\/strong> <a href=\"https:\/\/clg-poincare-saverne.monbureaunumerique.fr\/c-d-i-du-college\/\">Page du C.D.I.<\/a><\/strong><\/p>\n\n\n\n<p class=\"has-text-align-center\"><\/p>\n\n\n\n<h2 class=\"wp-block-heading\"><strong>Les nouveaut\u00e9s (ann\u00e9es 2023-2024)<\/strong><\/h2>\n\n\n<div class=\"wp-block-image\">\n<figure class=\"aligncenter size-full\"><img loading=\"lazy\" decoding=\"async\" width=\"622\" height=\"804\" src=\"https:\/\/www.college-poincare-saverne.fr\/wp-content\/uploads\/2024\/06\/image-2.png\" alt=\"\" class=\"wp-image-1484\" srcset=\"https:\/\/www.college-poincare-saverne.fr\/wp-content\/uploads\/2024\/06\/image-2.png 622w, https:\/\/www.college-poincare-saverne.fr\/wp-content\/uploads\/2024\/06\/image-2-232x300.png 232w\" sizes=\"auto, (max-width: 622px) 100vw, 622px\" \/><\/figure>\n<\/div>\n\n\n<h2 class=\"wp-block-heading\"><strong>Proposition de club Japon<\/strong><\/h2>\n\n\n<div class=\"wp-block-image\">\n<figure class=\"aligncenter size-full\"><img loading=\"lazy\" decoding=\"async\" width=\"594\" height=\"841\" src=\"https:\/\/www.college-poincare-saverne.fr\/wp-content\/uploads\/2024\/06\/image-3.png\" alt=\"\" class=\"wp-image-1487\" srcset=\"https:\/\/www.college-poincare-saverne.fr\/wp-content\/uploads\/2024\/06\/image-3.png 594w, https:\/\/www.college-poincare-saverne.fr\/wp-content\/uploads\/2024\/06\/image-3-212x300.png 212w\" sizes=\"auto, (max-width: 594px) 100vw, 594px\" \/><\/figure>\n<\/div>","protected":false},"excerpt":{"rendered":"<p>Pr\u00e9sentation de la professeure documentaliste : Mme Knafou \u00e0 la fois professeure d&rsquo;EMI (\u00e9ducation aux m\u00e9dias et \u00e0 l&rsquo;information) et documentaliste est ouverte aux diff\u00e9rentes propositions p\u00e9dagogiques et peut \u00e9galement proposer diff\u00e9rentes expositions au CDI en fonction des projets r\u00e9alis\u00e9s durant l&rsquo;ann\u00e9e. Pr\u00e9sentation du lieu : Le C.D.I. ou Centre de Documentation et d\u2019Information est <a class=\"more-link\" href=\"https:\/\/www.college-poincare-saverne.fr\/?page_id=196\">Lire plus &#8230;<\/a><\/p>\n","protected":false},"author":1,"featured_media":0,"parent":0,"menu_order":0,"comment_status":"closed","ping_status":"closed","template":"","meta":{"footnotes":""},"class_list":["post-196","page","type-page","status-publish","hentry"],"_links":{"self":[{"href":"https:\/\/www.college-poincare-saverne.fr\/index.php?rest_route=\/wp\/v2\/pages\/196","targetHints":{"allow":["GET"]}}],"collection":[{"href":"https:\/\/www.college-poincare-saverne.fr\/index.php?rest_route=\/wp\/v2\/pages"}],"about":[{"href":"https:\/\/www.college-poincare-saverne.fr\/index.php?rest_route=\/wp\/v2\/types\/page"}],"author":[{"embeddable":true,"href":"https:\/\/www.college-poincare-saverne.fr\/index.php?rest_route=\/wp\/v2\/users\/1"}],"replies":[{"embeddable":true,"href":"https:\/\/www.college-poincare-saverne.fr\/index.php?rest_route=%2Fwp%2Fv2%2Fcomments&post=196"}],"version-history":[{"count":14,"href":"https:\/\/www.college-poincare-saverne.fr\/index.php?rest_route=\/wp\/v2\/pages\/196\/revisions"}],"predecessor-version":[{"id":1493,"href":"https:\/\/www.college-poincare-saverne.fr\/index.php?rest_route=\/wp\/v2\/pages\/196\/revisions\/1493"}],"wp:attachment":[{"href":"https:\/\/www.college-poincare-saverne.fr\/index.php?rest_route=%2Fwp%2Fv2%2Fmedia&parent=196"}],"curies":[{"name":"wp","href":"https:\/\/api.w.org\/{rel}","templated":true}]}}