{"id":194,"date":"2021-11-04T10:22:22","date_gmt":"2021-11-04T09:22:22","guid":{"rendered":"http:\/\/technorma.free.fr\/w\/?page_id=194"},"modified":"2021-11-04T10:22:22","modified_gmt":"2021-11-04T09:22:22","slug":"enseignement-de-la-religion-catholique-et-protestante","status":"publish","type":"page","link":"https:\/\/www.college-poincare-saverne.fr\/?page_id=194","title":{"rendered":"-Enseignement de la religion catholique et protestante"},"content":{"rendered":"\n<p>En Alsace, Moselle et dans presque tous les pays d\u2019Europe, le cours de religion (1 heure par semaine dans l\u2019emploi du temps) <strong>s\u2019adresse \u00e0 tous les \u00e9l\u00e8ves, quelles que soient leurs convictions religieuses<\/strong>, et leur permet de vivre des moments de <strong>r\u00e9flexion<\/strong>, de <strong>partage<\/strong>, de <strong>d\u00e9couverte<\/strong>, d\u2019<strong>ouverture sur le monde <\/strong>et de compr\u00e9hension des <strong>valeurs humaines<\/strong> universelles, tout en pr\u00e9servant la <strong>libert\u00e9 de conscience de chacun.<\/strong><\/p>\n\n\n\n<p>En lien avec les autres mati\u00e8res \u00e9tudi\u00e9es, la religion aide aussi chaque jeune <strong>\u00e0 grandir<\/strong> durant les 4 ann\u00e9es du coll\u00e8ge, <strong>\u00e0 vivre son adolescence<\/strong>, <strong>\u00e0 d\u00e9velopper ses connaissances<\/strong>, <strong>\u00e0 acqu\u00e9rir des comp\u00e9tences<\/strong>, <strong>\u00e0 prendre confiance en soi<\/strong>.<\/p>\n\n\n\n<figure class=\"wp-block-image size-full is-resized\"><img loading=\"lazy\" decoding=\"async\" src=\"https:\/\/www.college-poincare-saverne.fr\/wp-content\/uploads\/2021\/12\/image-2-1.png\" alt=\"\" class=\"wp-image-317\" width=\"725\" height=\"219\" srcset=\"https:\/\/www.college-poincare-saverne.fr\/wp-content\/uploads\/2021\/12\/image-2-1.png 725w, https:\/\/www.college-poincare-saverne.fr\/wp-content\/uploads\/2021\/12\/image-2-1-300x91.png 300w\" sizes=\"auto, (max-width: 725px) 100vw, 725px\" \/><\/figure>\n\n\n\n<figure class=\"wp-block-image size-full\"><img loading=\"lazy\" decoding=\"async\" width=\"681\" height=\"194\" src=\"https:\/\/www.college-poincare-saverne.fr\/wp-content\/uploads\/2021\/12\/02-1.png\" alt=\"\" class=\"wp-image-362\" srcset=\"https:\/\/www.college-poincare-saverne.fr\/wp-content\/uploads\/2021\/12\/02-1.png 681w, https:\/\/www.college-poincare-saverne.fr\/wp-content\/uploads\/2021\/12\/02-1-300x85.png 300w\" sizes=\"auto, (max-width: 681px) 100vw, 681px\" \/><\/figure>\n\n\n\n<p><strong>Quelques actions et sorties&nbsp;: 1. <\/strong><strong>CONCOURS THEO-CHALLENGE pour les 3\u00e8mes en religion<\/strong><\/p>\n\n\n\n<p><strong>19 \u00e9l\u00e8ves ont particip\u00e9 \u00e0 ce concours le 26 mars 2021.<\/strong><\/p>\n\n\n\n<p><strong>Un questionnaire de 4 pages sur les connaissances autour des religions, des capacit\u00e9s d\u2019analyse de textes ou d\u2019\u0153uvres artistiques et une production cr\u00e9ative (cette fois un Goettelbrief), en travail d\u2019\u00e9quipe de 4 ou 3 \u00e9l\u00e8ves, est au programme du concours.<\/strong><\/p>\n\n\n\n<p><strong>40 \u00e9tablissements <\/strong><strong>du Bas-Rhin et du Haut-Rhin \u00e9taient inscrits \u00e0 cette \u00e9dition 2021, d\u00e9clin\u00e9s en <\/strong><strong>261 \u00e9quipes et 1111 \u00e9l\u00e8ves de 3<\/strong><sup><strong>\u00e8me<\/strong><\/sup><strong>&nbsp;!<\/strong><\/p>\n\n\n\n<p><strong><span style=\"color:#e80004\" class=\"has-inline-color\">BRAVO <\/span>aux 5 \u00e9quipes du coll\u00e8ge Poincar\u00e9 qui ont toutes la moyenne et largement au-dessus pour certaines&nbsp;! <span style=\"color:#e60004\" class=\"has-inline-color\">FELICITATIONS <\/span>aux \u00e9l\u00e8ves qui ont donn\u00e9 le meilleur d\u2019eux-m\u00eames et partag\u00e9 le travail et la r\u00e9flexion en toute confiance pour r\u00e9ussir le d\u00e9fi en 45 mn&nbsp;!<\/strong><\/p>\n\n\n\n<figure class=\"wp-block-image size-full\"><img loading=\"lazy\" decoding=\"async\" width=\"892\" height=\"296\" src=\"https:\/\/www.college-poincare-saverne.fr\/wp-content\/uploads\/2021\/12\/image-5-1.png\" alt=\"\" class=\"wp-image-320\" srcset=\"https:\/\/www.college-poincare-saverne.fr\/wp-content\/uploads\/2021\/12\/image-5-1.png 892w, https:\/\/www.college-poincare-saverne.fr\/wp-content\/uploads\/2021\/12\/image-5-1-300x100.png 300w, https:\/\/www.college-poincare-saverne.fr\/wp-content\/uploads\/2021\/12\/image-5-1-768x255.png 768w\" sizes=\"auto, (max-width: 892px) 100vw, 892px\" \/><\/figure>\n\n\n\n<figure class=\"wp-block-image size-full\"><img loading=\"lazy\" decoding=\"async\" width=\"892\" height=\"296\" src=\"https:\/\/www.college-poincare-saverne.fr\/wp-content\/uploads\/2021\/12\/image-6-1.png\" alt=\"\" class=\"wp-image-321\" srcset=\"https:\/\/www.college-poincare-saverne.fr\/wp-content\/uploads\/2021\/12\/image-6-1.png 892w, https:\/\/www.college-poincare-saverne.fr\/wp-content\/uploads\/2021\/12\/image-6-1-300x100.png 300w, https:\/\/www.college-poincare-saverne.fr\/wp-content\/uploads\/2021\/12\/image-6-1-768x255.png 768w\" sizes=\"auto, (max-width: 892px) 100vw, 892px\" \/><\/figure>\n\n\n\n<figure class=\"wp-block-image size-full\"><img loading=\"lazy\" decoding=\"async\" width=\"891\" height=\"293\" src=\"https:\/\/www.college-poincare-saverne.fr\/wp-content\/uploads\/2021\/12\/image-7-1.png\" alt=\"\" class=\"wp-image-322\" srcset=\"https:\/\/www.college-poincare-saverne.fr\/wp-content\/uploads\/2021\/12\/image-7-1.png 891w, https:\/\/www.college-poincare-saverne.fr\/wp-content\/uploads\/2021\/12\/image-7-1-300x99.png 300w, https:\/\/www.college-poincare-saverne.fr\/wp-content\/uploads\/2021\/12\/image-7-1-768x253.png 768w\" sizes=\"auto, (max-width: 891px) 100vw, 891px\" \/><\/figure>\n\n\n\n<div class=\"wp-block-image\"><figure class=\"aligncenter size-full\"><img loading=\"lazy\" decoding=\"async\" width=\"602\" height=\"400\" src=\"https:\/\/www.college-poincare-saverne.fr\/wp-content\/uploads\/2021\/12\/image-8-1.png\" alt=\"\" class=\"wp-image-323\" srcset=\"https:\/\/www.college-poincare-saverne.fr\/wp-content\/uploads\/2021\/12\/image-8-1.png 602w, https:\/\/www.college-poincare-saverne.fr\/wp-content\/uploads\/2021\/12\/image-8-1-300x199.png 300w\" sizes=\"auto, (max-width: 602px) 100vw, 602px\" \/><figcaption><br><strong>L\u2019\u00e9quipe gagnante du coll\u00e8ge Poincar\u00e9&nbsp;avec leur professeur, Nathalie Risch : 6<\/strong><br><sup><strong>\u00e8me<\/strong><\/sup><strong> sur 261 au CONCOURS THEO-CHALLENGE<\/strong><\/figcaption><\/figure><\/div>\n\n\n\n<div class=\"wp-block-image\"><figure class=\"aligncenter size-full\"><img loading=\"lazy\" decoding=\"async\" width=\"843\" height=\"486\" src=\"https:\/\/www.college-poincare-saverne.fr\/wp-content\/uploads\/2021\/12\/image-9-1.png\" alt=\"\" class=\"wp-image-324\" srcset=\"https:\/\/www.college-poincare-saverne.fr\/wp-content\/uploads\/2021\/12\/image-9-1.png 843w, https:\/\/www.college-poincare-saverne.fr\/wp-content\/uploads\/2021\/12\/image-9-1-300x173.png 300w, https:\/\/www.college-poincare-saverne.fr\/wp-content\/uploads\/2021\/12\/image-9-1-768x443.png 768w\" sizes=\"auto, (max-width: 843px) 100vw, 843px\" \/><\/figure><\/div>\n\n\n\n<p><strong>2. Visite du JARDIN PUBLIC INTERRELIGIEUX DE LA VILLE DE SAVERNE<\/strong><\/p>\n\n\n\n\n\n<figure class=\"wp-block-image size-large\"><img loading=\"lazy\" decoding=\"async\" width=\"1024\" height=\"682\" src=\"https:\/\/www.college-poincare-saverne.fr\/wp-content\/uploads\/2021\/12\/image-10-1-1024x682.png\" alt=\"\" class=\"wp-image-328\" srcset=\"https:\/\/www.college-poincare-saverne.fr\/wp-content\/uploads\/2021\/12\/image-10-1-1024x682.png 1024w, https:\/\/www.college-poincare-saverne.fr\/wp-content\/uploads\/2021\/12\/image-10-1-300x200.png 300w, https:\/\/www.college-poincare-saverne.fr\/wp-content\/uploads\/2021\/12\/image-10-1-768x512.png 768w, https:\/\/www.college-poincare-saverne.fr\/wp-content\/uploads\/2021\/12\/image-10-1.png 1385w\" sizes=\"auto, (max-width: 1024px) 100vw, 1024px\" \/><\/figure>\n\n\n\n<figure class=\"wp-block-image size-large\"><img loading=\"lazy\" decoding=\"async\" width=\"1024\" height=\"682\" src=\"https:\/\/www.college-poincare-saverne.fr\/wp-content\/uploads\/2021\/12\/image-11-1-1024x682.png\" alt=\"\" class=\"wp-image-329\" srcset=\"https:\/\/www.college-poincare-saverne.fr\/wp-content\/uploads\/2021\/12\/image-11-1-1024x682.png 1024w, https:\/\/www.college-poincare-saverne.fr\/wp-content\/uploads\/2021\/12\/image-11-1-300x200.png 300w, https:\/\/www.college-poincare-saverne.fr\/wp-content\/uploads\/2021\/12\/image-11-1-768x512.png 768w, https:\/\/www.college-poincare-saverne.fr\/wp-content\/uploads\/2021\/12\/image-11-1.png 1385w\" sizes=\"auto, (max-width: 1024px) 100vw, 1024px\" \/><\/figure>\n\n\n\n<figure class=\"wp-block-image size-large\"><img loading=\"lazy\" decoding=\"async\" width=\"1024\" height=\"682\" src=\"https:\/\/www.college-poincare-saverne.fr\/wp-content\/uploads\/2021\/12\/image-12-1-1024x682.png\" alt=\"\" class=\"wp-image-330\" srcset=\"https:\/\/www.college-poincare-saverne.fr\/wp-content\/uploads\/2021\/12\/image-12-1-1024x682.png 1024w, https:\/\/www.college-poincare-saverne.fr\/wp-content\/uploads\/2021\/12\/image-12-1-300x200.png 300w, https:\/\/www.college-poincare-saverne.fr\/wp-content\/uploads\/2021\/12\/image-12-1-768x512.png 768w, https:\/\/www.college-poincare-saverne.fr\/wp-content\/uploads\/2021\/12\/image-12-1.png 1385w\" sizes=\"auto, (max-width: 1024px) 100vw, 1024px\" \/><\/figure>\n\n\n\n\n\n<p><strong>ACTIONS de SOLIDARITE avec &#8211; EEDM-enfants, espoir du monde<\/strong><\/p>\n\n\n\n<div class=\"wp-block-image\"><figure class=\"aligncenter size-full\"><img loading=\"lazy\" decoding=\"async\" width=\"150\" height=\"151\" src=\"https:\/\/www.college-poincare-saverne.fr\/wp-content\/uploads\/2021\/12\/image-13-1.png\" alt=\"\" class=\"wp-image-331\" srcset=\"https:\/\/www.college-poincare-saverne.fr\/wp-content\/uploads\/2021\/12\/image-13-1.png 150w, https:\/\/www.college-poincare-saverne.fr\/wp-content\/uploads\/2021\/12\/image-13-1-100x100.png 100w, https:\/\/www.college-poincare-saverne.fr\/wp-content\/uploads\/2021\/12\/image-13-1-40x40.png 40w\" sizes=\"auto, (max-width: 150px) 100vw, 150px\" \/><\/figure><\/div>\n\n\n\n<p><strong>&#8211; LES RESTOS DU C\u0152UR<\/strong><\/p>\n\n\n\n<div class=\"wp-block-image\"><figure class=\"aligncenter size-full\"><img loading=\"lazy\" decoding=\"async\" width=\"550\" height=\"211\" src=\"https:\/\/www.college-poincare-saverne.fr\/wp-content\/uploads\/2021\/12\/image-14-1.png\" alt=\"\" class=\"wp-image-332\" srcset=\"https:\/\/www.college-poincare-saverne.fr\/wp-content\/uploads\/2021\/12\/image-14-1.png 550w, https:\/\/www.college-poincare-saverne.fr\/wp-content\/uploads\/2021\/12\/image-14-1-300x115.png 300w\" sizes=\"auto, (max-width: 550px) 100vw, 550px\" \/><\/figure><\/div>\n\n\n\n<p><strong>&#8211; LES BANQUES ALIMENTAIRES<\/strong><\/p>\n\n\n\n<div class=\"wp-block-image\"><figure class=\"aligncenter size-full\"><img loading=\"lazy\" decoding=\"async\" width=\"1000\" height=\"302\" src=\"https:\/\/www.college-poincare-saverne.fr\/wp-content\/uploads\/2021\/12\/image-15-1.png\" alt=\"\" class=\"wp-image-334\" srcset=\"https:\/\/www.college-poincare-saverne.fr\/wp-content\/uploads\/2021\/12\/image-15-1.png 1000w, https:\/\/www.college-poincare-saverne.fr\/wp-content\/uploads\/2021\/12\/image-15-1-300x91.png 300w, https:\/\/www.college-poincare-saverne.fr\/wp-content\/uploads\/2021\/12\/image-15-1-768x232.png 768w\" sizes=\"auto, (max-width: 1000px) 100vw, 1000px\" \/><\/figure><\/div>\n\n\n\n<p><strong>&#8211; L\u2019AFM association fran\u00e7aise des myopathies TELETHON<\/strong><\/p>\n\n\n\n<div class=\"wp-block-image\"><figure class=\"aligncenter size-full\"><img loading=\"lazy\" decoding=\"async\" width=\"720\" height=\"360\" src=\"https:\/\/www.college-poincare-saverne.fr\/wp-content\/uploads\/2021\/12\/image-16-1.png\" alt=\"\" class=\"wp-image-335\" srcset=\"https:\/\/www.college-poincare-saverne.fr\/wp-content\/uploads\/2021\/12\/image-16-1.png 720w, https:\/\/www.college-poincare-saverne.fr\/wp-content\/uploads\/2021\/12\/image-16-1-300x150.png 300w\" sizes=\"auto, (max-width: 720px) 100vw, 720px\" \/><\/figure><\/div>\n\n\n\n<p> <strong>&#8211; d\u2019autres associations pour des besoins ponctuels&nbsp;: <\/strong><\/p>\n\n\n\n<p>                    <strong>&#8211; aide aux migrants de Thal-Marmoutier&nbsp;: des dons de v\u00eatements d\u2019hiver <\/strong><\/p>\n\n\n\n<p>                    <strong>&#8211; aide aux enfants de la r\u00e9gion&nbsp;: des dons de jouets<\/strong><\/p>\n\n\n\n<div class=\"wp-block-image\"><figure class=\"aligncenter size-full\"><img loading=\"lazy\" decoding=\"async\" width=\"570\" height=\"184\" src=\"https:\/\/www.college-poincare-saverne.fr\/wp-content\/uploads\/2021\/12\/image-17-1.png\" alt=\"\" class=\"wp-image-336\" srcset=\"https:\/\/www.college-poincare-saverne.fr\/wp-content\/uploads\/2021\/12\/image-17-1.png 570w, https:\/\/www.college-poincare-saverne.fr\/wp-content\/uploads\/2021\/12\/image-17-1-300x97.png 300w\" sizes=\"auto, (max-width: 570px) 100vw, 570px\" \/><\/figure><\/div>\n","protected":false},"excerpt":{"rendered":"<p>En Alsace, Moselle et dans presque tous les pays d\u2019Europe, le cours de religion (1 heure par semaine dans l\u2019emploi du temps) s\u2019adresse \u00e0 tous les \u00e9l\u00e8ves, quelles que soient leurs convictions religieuses, et leur permet de vivre des moments de r\u00e9flexion, de partage, de d\u00e9couverte, d\u2019ouverture sur le monde et de compr\u00e9hension des valeurs <a class=\"more-link\" href=\"https:\/\/www.college-poincare-saverne.fr\/?page_id=194\">Lire plus &#8230;<\/a><\/p>\n","protected":false},"author":1,"featured_media":0,"parent":0,"menu_order":0,"comment_status":"closed","ping_status":"closed","template":"","meta":{"footnotes":""},"class_list":["post-194","page","type-page","status-publish","hentry"],"_links":{"self":[{"href":"https:\/\/www.college-poincare-saverne.fr\/index.php?rest_route=\/wp\/v2\/pages\/194","targetHints":{"allow":["GET"]}}],"collection":[{"href":"https:\/\/www.college-poincare-saverne.fr\/index.php?rest_route=\/wp\/v2\/pages"}],"about":[{"href":"https:\/\/www.college-poincare-saverne.fr\/index.php?rest_route=\/wp\/v2\/types\/page"}],"author":[{"embeddable":true,"href":"https:\/\/www.college-poincare-saverne.fr\/index.php?rest_route=\/wp\/v2\/users\/1"}],"replies":[{"embeddable":true,"href":"https:\/\/www.college-poincare-saverne.fr\/index.php?rest_route=%2Fwp%2Fv2%2Fcomments&post=194"}],"version-history":[{"count":0,"href":"https:\/\/www.college-poincare-saverne.fr\/index.php?rest_route=\/wp\/v2\/pages\/194\/revisions"}],"wp:attachment":[{"href":"https:\/\/www.college-poincare-saverne.fr\/index.php?rest_route=%2Fwp%2Fv2%2Fmedia&parent=194"}],"curies":[{"name":"wp","href":"https:\/\/api.w.org\/{rel}","templated":true}]}}