{"id":192,"date":"2021-11-04T10:22:02","date_gmt":"2021-11-04T09:22:02","guid":{"rendered":"http:\/\/technorma.free.fr\/w\/?page_id=192"},"modified":"2021-11-04T10:22:02","modified_gmt":"2021-11-04T09:22:02","slug":"chant-choral","status":"publish","type":"page","link":"https:\/\/www.college-poincare-saverne.fr\/?page_id=192","title":{"rendered":"-Chant choral"},"content":{"rendered":"\n<div class=\"wp-block-image\"><figure class=\"alignright size-full\"><img loading=\"lazy\" decoding=\"async\" width=\"102\" height=\"236\" src=\"https:\/\/www.college-poincare-saverne.fr\/wp-content\/uploads\/2021\/11\/Cle01-1.png\" alt=\"\" class=\"wp-image-303\"\/><\/figure><\/div>\n\n\n\n<p><strong>CHOISIR&nbsp;: \u00ab&nbsp;L&rsquo;ENSEIGNEMENT FACULTATIF DE&nbsp;CHANT CHORAL \u00bb (EFCC)<\/strong> <strong><\/strong><\/p>\n\n\n\n<figure class=\"wp-block-image size-full\"><img loading=\"lazy\" decoding=\"async\" width=\"263\" height=\"196\" src=\"https:\/\/www.college-poincare-saverne.fr\/wp-content\/uploads\/2021\/11\/m03-1.png\" alt=\"\" class=\"wp-image-305\"\/><\/figure>\n\n\n\n<p class=\"has-blue-color has-text-color\"><strong><u>BON A SAVOIR<\/u><\/strong><strong><u><\/u><\/strong><\/p>\n\n\n\n<p>La chorale du coll\u00e8ge est un <strong>\u00ab\u00a0<span class=\"has-inline-color has-tahiti-gold-color\">enseignement compl\u00e9mentaire de pratique musicale collective<\/span>\u00a0\u00bb<\/strong>, c\u2019est-\u00e0-dire une option propos\u00e9e \u00e0 tous les \u00e9l\u00e8ves, (quels que soient leurs niveaux ou leurs comp\u00e9tences techniques) au m\u00eame titre que le latin, le grec, les L.C.R., en compl\u00e9ment du cours d\u2019\u00e9ducation musicale.<\/p>\n\n\n\n<p><strong><span class=\"has-inline-color has-tahiti-gold-color\">Tous les \u00e9l\u00e8ves volontaires peuvent y participer<\/span><\/strong>. Seuls la motivation et le plaisir de chanter ensemble sont indispensables. La culture musicale bas\u00e9e sur des r\u00e9pertoires diversifi\u00e9s, la ma\u00eetrise de la voix, les liens d\u2019amiti\u00e9 sont au c\u0153ur de cet apprentissage.<\/p>\n\n\n\n<p>L\u2019inscription et la participation r\u00e9guli\u00e8re \u00e0 la chorale, \u00e0 raison <strong>d\u2019une heure hebdomadaire pour les \u00e9l\u00e8ves<\/strong>, donnent droit \u00e0 <strong>une valorisation dans le bulletin scolaire de l\u2019\u00e9l\u00e8ve<\/strong>.<\/p>\n\n\n\n<p>Pour les \u00e9l\u00e8ves de 3\u00e8, la chorale entre aussi <strong>dans l\u2019\u00e9valuation du brevet des coll\u00e8ges (DNB) gr\u00e2ce \u00e0 des points bonus.<\/strong><em>&nbsp;&nbsp;&nbsp;&nbsp;&nbsp;&nbsp;<\/em><em><strong><\/strong><\/em><\/p>\n\n\n\n<p><em><strong>L\u2019inscription \u00e0 la chorale se fait en cochant la case dans le dossier d\u2019inscription<\/strong><\/em><em>, elle est valid\u00e9e dans la premi\u00e8re semaine de la rentr\u00e9e, et reste valable pour tous les projets musicaux de l\u2019ann\u00e9e scolaire.<\/em><em>&nbsp;&nbsp;&nbsp;&nbsp;&nbsp;&nbsp;&nbsp;&nbsp;&nbsp;&nbsp;&nbsp;&nbsp;&nbsp;&nbsp;&nbsp;&nbsp;&nbsp;&nbsp;&nbsp;&nbsp;&nbsp;&nbsp;&nbsp;&nbsp;&nbsp;&nbsp;<\/em><\/p>\n\n\n\n<p><em>Mme Batzenschlager Christiane, professeur d\u2019\u00e9ducation musicale<\/em><\/p>\n\n\n\n<p>\u00ab La <strong><u>ma\u00eetrise de la langue<\/u><\/strong> passe par la <strong><u>ma\u00eetrise de la voix<\/u><\/strong> \u00bb.<\/p>\n\n\n\n<p>\u00ab Un \u00e9l\u00e8ve qui a une pratique vocale chant\u00e9e d\u00e9veloppe des comp\u00e9tences pour le parler. Dans un entretien frontal ou dans une communication collective, il saura <strong><u>ma\u00eetriser ses postures, son trac, ses \u00e9motions<\/u>. <\/strong>\u00bb<\/p>\n\n\n\n<p>Le chant choral est comme \u00ab un sport collectif \u00bb dont l\u2019atout reste la sociabilisation et l\u2019apprentissage du collectif.<\/p>\n\n\n\n<p>\u00ab La chorale, c\u2019est l\u2019id\u00e9e qu\u2019<strong>ensemble, on y arrive mieux que seul<\/strong> \u00bb.<\/p>\n\n\n\n<div class=\"wp-block-group\"><div class=\"wp-block-group__inner-container is-layout-flow wp-block-group-is-layout-flow\">\n<figure class=\"wp-block-image size-full is-resized\"><img loading=\"lazy\" decoding=\"async\" src=\"https:\/\/www.college-poincare-saverne.fr\/wp-content\/uploads\/2021\/11\/m04-1.png\" alt=\"\" class=\"wp-image-306\" width=\"169\" height=\"223\"\/><\/figure>\n<\/div><\/div>\n\n\n\n<p><\/p>\n","protected":false},"excerpt":{"rendered":"<p>CHOISIR&nbsp;: \u00ab&nbsp;L&rsquo;ENSEIGNEMENT FACULTATIF DE&nbsp;CHANT CHORAL \u00bb (EFCC) BON A SAVOIR La chorale du coll\u00e8ge est un \u00ab\u00a0enseignement compl\u00e9mentaire de pratique musicale collective\u00a0\u00bb, c\u2019est-\u00e0-dire une option propos\u00e9e \u00e0 tous les \u00e9l\u00e8ves, (quels que soient leurs niveaux ou leurs comp\u00e9tences techniques) au m\u00eame titre que le latin, le grec, les L.C.R., en compl\u00e9ment du cours d\u2019\u00e9ducation musicale. <a class=\"more-link\" href=\"https:\/\/www.college-poincare-saverne.fr\/?page_id=192\">Lire plus &#8230;<\/a><\/p>\n","protected":false},"author":1,"featured_media":0,"parent":0,"menu_order":0,"comment_status":"closed","ping_status":"closed","template":"","meta":{"footnotes":""},"class_list":["post-192","page","type-page","status-publish","hentry"],"_links":{"self":[{"href":"https:\/\/www.college-poincare-saverne.fr\/index.php?rest_route=\/wp\/v2\/pages\/192","targetHints":{"allow":["GET"]}}],"collection":[{"href":"https:\/\/www.college-poincare-saverne.fr\/index.php?rest_route=\/wp\/v2\/pages"}],"about":[{"href":"https:\/\/www.college-poincare-saverne.fr\/index.php?rest_route=\/wp\/v2\/types\/page"}],"author":[{"embeddable":true,"href":"https:\/\/www.college-poincare-saverne.fr\/index.php?rest_route=\/wp\/v2\/users\/1"}],"replies":[{"embeddable":true,"href":"https:\/\/www.college-poincare-saverne.fr\/index.php?rest_route=%2Fwp%2Fv2%2Fcomments&post=192"}],"version-history":[{"count":0,"href":"https:\/\/www.college-poincare-saverne.fr\/index.php?rest_route=\/wp\/v2\/pages\/192\/revisions"}],"wp:attachment":[{"href":"https:\/\/www.college-poincare-saverne.fr\/index.php?rest_route=%2Fwp%2Fv2%2Fmedia&parent=192"}],"curies":[{"name":"wp","href":"https:\/\/api.w.org\/{rel}","templated":true}]}}