{"id":184,"date":"2021-11-04T10:20:30","date_gmt":"2021-11-04T09:20:30","guid":{"rendered":"http:\/\/technorma.free.fr\/w\/?page_id=184"},"modified":"2021-11-04T10:20:30","modified_gmt":"2021-11-04T09:20:30","slug":"langues-vivantes-bilinguisme","status":"publish","type":"page","link":"https:\/\/www.college-poincare-saverne.fr\/?page_id=184","title":{"rendered":"-Langues vivantes et bilinguisme"},"content":{"rendered":"\n<p>Le coll\u00e8ge Poincar\u00e9 dispose depuis maintenant plus de 20 ans d\u2019une section bilingue pour les \u00e9l\u00e8ves inscrits dans ce cursus et qui souhaitent d\u00e9velopper leurs comp\u00e9tences en allemand, apprentissage qu\u2019ils ont d\u00e9but\u00e9 le plus souvent depuis la maternelle.<\/p>\n\n\n\n<p>Pour l\u2019ann\u00e9e scolaire 2021-22 le coll\u00e8ge accueille 95 \u00e9l\u00e8ves r\u00e9partis sur les 4 niveaux allant de la 6\u00e8me \u00e0 la 3\u00e8me. Les \u00e9l\u00e8ves inscrits dans le cursus sont r\u00e9partis dans 2 classes, mais sont r\u00e9unis dans un m\u00eame groupe bilingue pour assister aux cours sp\u00e9cifiques dispens\u00e9s en langue allemande.<\/p>\n\n\n\n<div class=\"wp-block-image\"><figure class=\"aligncenter size-full\"><img loading=\"lazy\" decoding=\"async\" width=\"250\" height=\"166\" src=\"https:\/\/www.college-poincare-saverne.fr\/wp-content\/uploads\/2022\/01\/csm_franco_allemand_04876c6bf7-1.jpg\" alt=\"\" class=\"wp-image-371\"\/><\/figure><\/div>\n\n\n\n<p>Dans ce cadre, ils b\u00e9n\u00e9ficient non seulement de 4h (au lieu de 3h) de cours de langue intensive avec un programme sp\u00e9cifique et adapt\u00e9 \u00e0 leur niveau, mais aussi des cours de math\u00e9matiques et d\u2019histoire-g\u00e9ographie en langue allemande. Le coll\u00e8ge propose en plus certains cours de SVT et d\u2019Arts Plastiques en allemand. Cela leur permet de d\u00e9velopper des capacit\u00e9s linguistiques et culturelles solides, qui seront un atout non seulement dans leur cursus scolaire, mais aussi dans leur d\u00e9veloppement personnel. Il s\u2019agit pour les \u00e9l\u00e8ves bilingues dans les disciplines non linguistiques des m\u00eames programmes nationaux et des m\u00eames attendus que pour les \u00e9l\u00e8ves non-bilingues.<\/p>\n\n\n\n<p>En fin de classe de 3<sup>\u00e8me<\/sup>, les \u00e9l\u00e8ves bilingues atteindront un niveau B1 dans toutes les comp\u00e9tences linguistiques et auront la possibilit\u00e9 de valider leurs acquis en langue allemande lors du passage de l\u2019examen europ\u00e9en de la KMK. Cette validation leur permettra le cas \u00e9ch\u00e9ant d\u2019acc\u00e9der \u00e0 une formation en Allemagne ou sera plus simplement un avantage pour leur vie professionnelle. Le cursus bilingue au coll\u00e8ge ouvre la voie \u00e0 la poursuite des \u00e9tudes secondaires au lyc\u00e9e g\u00e9n\u00e9ral en section AbiBac ou en section europ\u00e9enne.<\/p>\n\n\n\n<p>L\u2019inscription dans le cursus bilingue permet par cons\u00e9quent une ouverture culturelle qui est port\u00e9e en partie par l\u2019\u00e9cole et le Coll\u00e8ge Poincar\u00e9 y contribue grandement par les actions propos\u00e9es, mais ne peut se limiter \u00e0 cela. En effet l\u2019implication des familles dans le processus de d\u00e9couverte de la langue et de la culture allemande est essentielle et indispensable pour compl\u00e9ter l\u2019offre du coll\u00e8ge afin de permettre le meilleur d\u00e9veloppement possible pour chaque \u00e9l\u00e8ve.<\/p>\n\n\n\n<hr class=\"wp-block-separator\"\/>\n\n\n\n<p>Par ailleurs le coll\u00e8ge propose un enseignement en Allemand LV2 allant de la 6\u00e8me \u00e0 la 3\u00e8me.<\/p>\n\n\n\n<p>Les \u00e9l\u00e8ves de sixi\u00e8me disposent de 3h hebdomadaire d\u2019Allemand et les autres niveaux de 2h30 par semaine.<\/p>\n\n\n\n<p>En fin de 3\u00e8me tous les \u00e9l\u00e8ves du coll\u00e8ge sont amen\u00e9s \u00e0 valider un niveau A2 dans les diff\u00e9rentes comp\u00e9tences langagi\u00e8res en allemand.<\/p>\n\n\n\n<p>Lors de leurs cursus au coll\u00e8ge les \u00e9l\u00e8ves participent \u00e0 diverses sorties culturelles en Allemagne et vont avoir la possibilit\u00e9 de voir des films en allemand lors du Festival Augenblick. Les \u00e9l\u00e8ves qui le souhaitent peuvent \u00e9galement s\u2019inscrire pour participer \u00e0 un \u00e9change individuel en Allemagne \u00e0 partir de la classe de 5\u00e8me.<\/p>\n","protected":false},"excerpt":{"rendered":"<p>Le coll\u00e8ge Poincar\u00e9 dispose depuis maintenant plus de 20 ans d\u2019une section bilingue pour les \u00e9l\u00e8ves inscrits dans ce cursus et qui souhaitent d\u00e9velopper leurs comp\u00e9tences en allemand, apprentissage qu\u2019ils ont d\u00e9but\u00e9 le plus souvent depuis la maternelle. Pour l\u2019ann\u00e9e scolaire 2021-22 le coll\u00e8ge accueille 95 \u00e9l\u00e8ves r\u00e9partis sur les 4 niveaux allant de la <a class=\"more-link\" href=\"https:\/\/www.college-poincare-saverne.fr\/?page_id=184\">Lire plus &#8230;<\/a><\/p>\n","protected":false},"author":1,"featured_media":0,"parent":0,"menu_order":0,"comment_status":"closed","ping_status":"closed","template":"","meta":{"footnotes":""},"class_list":["post-184","page","type-page","status-publish","hentry"],"_links":{"self":[{"href":"https:\/\/www.college-poincare-saverne.fr\/index.php?rest_route=\/wp\/v2\/pages\/184","targetHints":{"allow":["GET"]}}],"collection":[{"href":"https:\/\/www.college-poincare-saverne.fr\/index.php?rest_route=\/wp\/v2\/pages"}],"about":[{"href":"https:\/\/www.college-poincare-saverne.fr\/index.php?rest_route=\/wp\/v2\/types\/page"}],"author":[{"embeddable":true,"href":"https:\/\/www.college-poincare-saverne.fr\/index.php?rest_route=\/wp\/v2\/users\/1"}],"replies":[{"embeddable":true,"href":"https:\/\/www.college-poincare-saverne.fr\/index.php?rest_route=%2Fwp%2Fv2%2Fcomments&post=184"}],"version-history":[{"count":0,"href":"https:\/\/www.college-poincare-saverne.fr\/index.php?rest_route=\/wp\/v2\/pages\/184\/revisions"}],"wp:attachment":[{"href":"https:\/\/www.college-poincare-saverne.fr\/index.php?rest_route=%2Fwp%2Fv2%2Fmedia&parent=184"}],"curies":[{"name":"wp","href":"https:\/\/api.w.org\/{rel}","templated":true}]}}